{"id":203,"date":"2021-12-17T16:46:02","date_gmt":"2021-12-17T16:46:02","guid":{"rendered":"https:\/\/startersites.io\/blocksy\/garderobe\/?page_id=203"},"modified":"2026-01-17T19:44:47","modified_gmt":"2026-01-17T22:44:47","slug":"about-us","status":"publish","type":"page","link":"https:\/\/homiz.tyenda.cl\/?page_id=203","title":{"rendered":"Nosotros"},"content":{"rendered":"\n<div class=\"wp-block-stackable-columns alignfull stk-block-columns stk-block stk-626ebfe stk-block-background\" data-block-id=\"626ebfe\"><style>.stk-626ebfe {padding-top:150px !important;padding-bottom:340px !important;margin-bottom:0px !important;}.stk-626ebfe-column{max-width:1500px !important;min-width:auto !important;}@media screen and (max-width:999px){.stk-626ebfe {padding-top:110px !important;padding-bottom:300px !important;}}<\/style><div class=\"stk-row stk-inner-blocks stk-block-content stk-content-align stk-626ebfe-column alignfull\">\n<div class=\"wp-block-stackable-column stk-block-column stk-column stk-block stk-ce7a188\" data-v=\"4\" data-block-id=\"ce7a188\"><style>.stk-ce7a188-container{margin-top:0px !important;margin-right:0px !important;margin-bottom:0px !important;margin-left:0px !important;}<\/style><div class=\"stk-column-wrapper stk-block-column__content stk-container stk-ce7a188-container stk--no-background stk--no-padding\"><div class=\"has-text-align-center stk-block-content stk-inner-blocks stk-ce7a188-inner-blocks\">\n\n\n\n<div class=\"wp-block-stackable-heading stk-block-heading stk-block-heading--v2 stk-block stk-83aa64e\" id=\"nosotros\" data-block-id=\"83aa64e\"><style>.stk-83aa64e {margin-top:15px !important;}.stk-83aa64e .stk-block-heading__text{font-size:70px !important;}@media screen and (max-width:999px){.stk-83aa64e .stk-block-heading__text{font-size:40px !important;}}<\/style><h2 class=\"stk-block-heading__text has-text-align-center\">Nosotros<\/h2><\/div>\n<\/div><\/div><\/div>\n<\/div><\/div>\n\n\n\n<div class=\"wp-block-stackable-columns stk-block-columns stk-block stk-b2ae33e stk-block-background stk--has-background-overlay\" data-block-id=\"b2ae33e\"><style>.stk-b2ae33e {background-color:var(--theme-palette-color-4, #131117) !important;background-image:url(https:\/\/homiz.tyenda.cl\/wp-content\/uploads\/2021\/12\/shop-sale-cta-background.svg) !important;background-position:bottom right !important;background-repeat:no-repeat !important;background-size:auto !important;padding-top:0px !important;padding-right:40px !important;padding-bottom:40px !important;padding-left:40px !important;margin-top:-120px !important;margin-bottom:0px !important;overflow:visible !important;}.stk-b2ae33e:before{background-color:var(--theme-palette-color-4, #131117) !important;opacity:0.9 !important;}.stk-b2ae33e .stk-container{overflow:visible !important;}.stk-b2ae33e-column{--stk-column-gap:70px !important;row-gap:50px !important;}@media screen and (max-width:689px){.stk-b2ae33e {padding-top:0px !important;padding-right:30px !important;padding-bottom:40px !important;padding-left:30px !important;}}<\/style><div class=\"stk-row stk-inner-blocks stk-block-content stk-content-align stk-b2ae33e-column\">\n<div class=\"wp-block-stackable-column stk-block-column stk-column stk-block stk-2c7ce1b\" data-v=\"4\" data-block-id=\"2c7ce1b\"><style>.stk-2c7ce1b-container{margin-top:0px !important;margin-right:0px !important;margin-bottom:0px !important;margin-left:0px !important;}@media screen and (min-width:690px){.stk-2c7ce1b {flex:var(--stk-flex-grow, 1) 1 calc(42.9% - var(--stk-column-gap, 0px) * 1 \/ 2 ) !important;}}@media screen and (min-width:690px) and (max-width:999px){.stk-2c7ce1b {flex:var(--stk-flex-grow, 1) 1 calc(100% - var(--stk-column-gap, 0px) * 0 \/ 1 ) !important;}}<\/style><div class=\"stk-column-wrapper stk-block-column__content stk-container stk-2c7ce1b-container stk--no-background stk--no-padding\"><div class=\"stk-block-content stk-inner-blocks stk-2c7ce1b-inner-blocks\">\n<div class=\"wp-block-stackable-image stk-block-image stk-block stk-2ef1bf9\" data-block-id=\"2ef1bf9\"><style>.stk-2ef1bf9 {margin-top:-100px !important;}@media screen and (max-width:999px){.stk-2ef1bf9 .stk-img-wrapper{height:500px !important;}}<\/style><figure><span class=\"stk-img-wrapper stk-image--shape-stretch\"><img loading=\"lazy\" decoding=\"async\" class=\"stk-img wp-image-620\" src=\"https:\/\/homiz.tyenda.cl\/wp-content\/uploads\/2025\/09\/furniture-998265_1280.jpg\" width=\"1280\" height=\"768\" srcset=\"https:\/\/homiz.tyenda.cl\/wp-content\/uploads\/2025\/09\/furniture-998265_1280.jpg 1280w, https:\/\/homiz.tyenda.cl\/wp-content\/uploads\/2025\/09\/furniture-998265_1280-300x180.jpg 300w, https:\/\/homiz.tyenda.cl\/wp-content\/uploads\/2025\/09\/furniture-998265_1280-1024x614.jpg 1024w, https:\/\/homiz.tyenda.cl\/wp-content\/uploads\/2025\/09\/furniture-998265_1280-768x461.jpg 768w, https:\/\/homiz.tyenda.cl\/wp-content\/uploads\/2025\/09\/furniture-998265_1280-600x360.jpg 600w\" sizes=\"auto, (max-width: 1280px) 100vw, 1280px\" \/><\/span><\/figure><\/div>\n<\/div><\/div><\/div>\n\n\n\n<div class=\"wp-block-stackable-column stk-block-column stk-column stk-block stk-a715aa5\" data-v=\"4\" data-block-id=\"a715aa5\"><style>.stk-a715aa5-container{margin-top:0px !important;margin-right:0px !important;margin-bottom:0px !important;margin-left:0px !important;}.stk-a715aa5 {padding-top:90px !important;}@media screen and (min-width:690px){.stk-a715aa5 {flex:var(--stk-flex-grow, 1) 1 calc(57.1% - var(--stk-column-gap, 0px) * 1 \/ 2 ) !important;}}@media screen and (min-width:690px) and (max-width:999px){.stk-a715aa5 {flex:var(--stk-flex-grow, 1) 1 calc(100% - var(--stk-column-gap, 0px) * 0 \/ 1 ) !important;}}@media screen and (max-width:999px){.stk-a715aa5 {padding-top:0px !important;}}<\/style><div class=\"stk-column-wrapper stk-block-column__content stk-container stk-a715aa5-container stk--no-background stk--no-padding\"><div class=\"stk-block-content stk-inner-blocks stk-a715aa5-inner-blocks\">\n<div class=\"wp-block-stackable-heading stk-block-heading stk-block-heading--v2 stk-block stk-290f15a\" id=\"historia\" data-block-id=\"290f15a\"><style>.stk-290f15a {margin-bottom:40px !important;}.stk-290f15a .stk-block-heading__text{color:var(--theme-palette-color-8, #ffffff) !important;}@media screen and (max-width:999px){.stk-290f15a {margin-bottom:30px !important;}.stk-290f15a .stk-block-heading__text{font-size:30px !important;}}<\/style><h2 class=\"stk-block-heading__text has-text-color has-palette-color-8-color stk-block-heading--use-theme-margins\">Historia  <\/h2><\/div>\n\n\n\n<div class=\"wp-block-stackable-columns stk-block-columns stk-block stk-97bf972\" data-block-id=\"97bf972\"><style>.stk-97bf972-column{--stk-column-gap:50px !important;row-gap:50px !important;}<\/style><div class=\"stk-row stk-inner-blocks stk-block-content stk-content-align stk-97bf972-column\">\n<div class=\"wp-block-stackable-column stk-block-column stk-column stk-block stk-77f1576\" data-v=\"4\" data-block-id=\"77f1576\"><style>.stk-77f1576-container{margin-top:0px !important;margin-right:0px !important;margin-bottom:0px !important;margin-left:0px !important;}<\/style><div class=\"stk-column-wrapper stk-block-column__content stk-container stk-77f1576-container stk--no-background stk--no-padding\"><div class=\"stk-block-content stk-inner-blocks stk-77f1576-inner-blocks\">\n<div class=\"wp-block-stackable-text stk-block-text stk-block stk-721b0ac\" data-block-id=\"721b0ac\"><style>.stk-721b0ac .stk-block-text__text{color:var(--theme-palette-color-8, #ffffff) !important;}<\/style><p class=\"stk-block-text__text has-text-color has-palette-color-8-color\">Nuestra empresa se especializa en la fabricaci\u00f3n de muebles de melamina, destacando en el mercado chileno por su enfoque en la producci\u00f3n local y el trabajo colaborativo con maestros mueblistas ubicados en distintas zonas de la ciudad de Santiago de Chile. Esta red de especialistas nos permite ofrecer soluciones a medida, cuidando cada detalle del proceso.\n\nCombinamos la tradici\u00f3n de la mano de obra calificada chilena con la precisi\u00f3n de maquinaria de vanguardia, logrando muebles que destacan por su funcionalidad, durabilidad y terminaciones de alta calidad. Desde el dise\u00f1o hasta la instalaci\u00f3n, cada proyecto refleja nuestro compromiso con la excelencia.\n\nUtilizamos melamina de primera calidad, garantizando muebles dise\u00f1ados para optimizar espacios y adaptarse al estilo, personalidad y necesidades de cada cliente, creando ambientes arm\u00f3nicos, pr\u00e1cticos y est\u00e9ticamente superiores.<\/p><\/div>\n<\/div><\/div><\/div>\n<\/div><\/div>\n<\/div><\/div><\/div>\n<\/div><\/div>\n\n\n\n<p><\/p>\n","protected":false},"excerpt":{"rendered":"<p>Nosotros Historia Nuestra empresa se especializa en la fabricaci\u00f3n de muebles de melamina, destacando en el mercado chileno por su enfoque en la producci\u00f3n local y el trabajo colaborativo con maestros mueblistas ubicados en distintas zonas de la ciudad de Santiago de Chile. Esta red de especialistas nos permite ofrecer soluciones a medida, cuidando cada [&hellip;]<\/p>\n","protected":false},"author":1,"featured_media":0,"parent":0,"menu_order":0,"comment_status":"closed","ping_status":"closed","template":"","meta":{"footnotes":""},"class_list":["post-203","page","type-page","status-publish","hentry"],"blocksy_meta":{"styles_descriptor":{"styles":{"desktop":"","tablet":"","mobile":""},"google_fonts":[],"version":6},"page_title_panel":"","has_hero_section":"disabled","cae18c3de7bedc5b6f53f33572e01345":"","hero_section":"type-1","hero_elements":[{"id":"custom_title","enabled":true,"heading_tag":"h1","title":"Home"},{"id":"custom_description","enabled":true,"description_visibility":{"desktop":true,"tablet":true,"mobile":false}},{"id":"custom_meta","enabled":false,"meta_elements":[{"id":"author","enabled":true,"label":"By","has_author_avatar":"yes","avatar_size":25},{"id":"post_date","enabled":true,"label":"On","date_format_source":"default","date_format":"M j, Y"},{"id":"updated_date","enabled":false,"label":"On","date_format_source":"default","date_format":"M j, Y"},{"id":"categories","enabled":false,"label":"In","style":"simple"},{"id":"comments","enabled":true}],"page_meta_elements":{"joined":true,"articles_count":true,"comments":true}},{"id":"breadcrumbs","enabled":false}],"36e4f14ca74f76b48dbacffcd0ea6f6d":"","hero_alignment1":"CT_CSS_SKIP_RULE","hero_margin":40,"hero_alignment2":"center","hero_vertical_alignment":"center","824d71bcf27c0666174c1f297f46a76c":"","hero_structure":"narrow","25a426c6e3c98f1883c681c2edab9ce7":"","page_title_bg_type":"featured_image","custom_hero_background":{"attachment_id":null},"parallax":{"desktop":false,"tablet":false,"mobile":false},"76980b1f4241e0ba1115be40644c3e4a":"","hero_height":"250px","pageTitleFont":{"family":"Default","variation":"Default","size":"30px","line-height":"CT_CSS_SKIP_RULE","letter-spacing":"CT_CSS_SKIP_RULE","text-transform":"CT_CSS_SKIP_RULE","text-decoration":"CT_CSS_SKIP_RULE"},"pageTitleFontColor":{"default":{"color":"CT_CSS_SKIP_RULEDEFAULT"}},"pageMetaFont":{"family":"Default","variation":"n6","size":"12px","line-height":"1.3","letter-spacing":"CT_CSS_SKIP_RULE","text-transform":"uppercase","text-decoration":"CT_CSS_SKIP_RULE"},"pageMetaFontColor":{"default":{"color":"CT_CSS_SKIP_RULEDEFAULT"},"hover":{"color":"CT_CSS_SKIP_RULEDEFAULT"}},"page_meta_button_type_font_colors":{"default":{"color":"CT_CSS_SKIP_RULEDEFAULT"},"hover":{"color":"CT_CSS_SKIP_RULEDEFAULT"}},"page_meta_button_type_background_colors":{"default":{"color":"CT_CSS_SKIP_RULEDEFAULT"},"hover":{"color":"CT_CSS_SKIP_RULEDEFAULT"}},"pageExcerptFont":{"family":"Default","variation":"Default","size":"CT_CSS_SKIP_RULE","line-height":"CT_CSS_SKIP_RULE","letter-spacing":"CT_CSS_SKIP_RULE","text-transform":"CT_CSS_SKIP_RULE","text-decoration":"CT_CSS_SKIP_RULE"},"pageExcerptColor":{"default":{"color":"CT_CSS_SKIP_RULEDEFAULT"}},"breadcrumbsFont":{"family":"Default","variation":"Default","size":"CT_CSS_SKIP_RULE","line-height":"CT_CSS_SKIP_RULE","letter-spacing":"CT_CSS_SKIP_RULE","text-transform":"CT_CSS_SKIP_RULE","text-decoration":"CT_CSS_SKIP_RULE"},"breadcrumbsFontColor":{"default":{"color":"CT_CSS_SKIP_RULEDEFAULT"},"initial":{"color":"CT_CSS_SKIP_RULEDEFAULT"},"hover":{"color":"CT_CSS_SKIP_RULEDEFAULT"}},"pageTitleOverlay":{"background_type":"color","background_pattern":"type-1","background_image":{"attachment_id":null,"x":0,"y":0},"gradient":"linear-gradient(135deg,rgba(6,147,227,1) 0%,rgb(155,81,224) 100%)","background_repeat":"repeat","background_size":"auto","background_attachment":"scroll","patternColor":{"default":{"color":"#e5e7ea"}},"overlayColor":{"default":{"color":"CT_CSS_SKIP_RULE"}},"backgroundColor":{"default":{"color":"CT_CSS_SKIP_RULE"}}},"pageTitleBackground":{"background_type":"color","background_pattern":"type-1","background_image":{"attachment_id":null,"x":0,"y":0},"gradient":"linear-gradient(135deg,rgba(6,147,227,1) 0%,rgb(155,81,224) 100%)","background_repeat":"repeat","background_size":"auto","background_attachment":"scroll","patternColor":{"default":{"color":"#e5e7ea"}},"overlayColor":{"default":{"color":"CT_CSS_SKIP_RULE"}},"backgroundColor":{"default":{"color":"var(--theme-palette-color-6)"}}},"pageTitlePadding":{"top":"50px","bottom":"50px","left":"auto","right":"auto","linked":true},"727838cdb0b1b4a50b61a179627d1773":"","page_structure_type":"default","bf2280b6f99e95fe8df362e1d9c4e945":"","content_style_source":"inherit","content_style":"wide","vertical_spacing_source":"custom","content_area_spacing":"none","background":{"background_type":"color","background_pattern":"type-1","background_image":{"attachment_id":null,"x":0,"y":0},"gradient":"linear-gradient(135deg,rgba(6,147,227,1) 0%,rgb(155,81,224) 100%)","background_repeat":"repeat","background_size":"auto","background_attachment":"scroll","patternColor":{"default":{"color":"#e5e7ea"}},"overlayColor":{"default":{"color":"CT_CSS_SKIP_RULE"}},"backgroundColor":{"default":{"color":"CT_CSS_SKIP_RULE"}}},"content_background":{"background_type":"color","background_pattern":"type-1","background_image":{"attachment_id":null,"x":0,"y":0},"gradient":"linear-gradient(135deg,rgba(6,147,227,1) 0%,rgb(155,81,224) 100%)","background_repeat":"repeat","background_size":"auto","background_attachment":"scroll","patternColor":{"default":{"color":"#e5e7ea"}},"overlayColor":{"default":{"color":"CT_CSS_SKIP_RULE"}},"backgroundColor":{"default":{"color":"var(--theme-palette-color-8)"}}},"content_boxed_shadow":{"inherit":false,"blur":18,"spread":-6,"v_offset":12,"h_offset":0,"inset":false,"enable":true,"color":{"color":"rgba(34, 56, 101, 0.04)"}},"boxed_content_spacing":{"desktop":{"top":"40px","bottom":"40px","left":"40px","right":"40px","linked":true},"tablet":{"top":"35px","bottom":"35px","left":"35px","right":"35px","linked":true},"mobile":{"top":"20px","bottom":"20px","left":"20px","right":"20px","linked":true}},"content_boxed_radius":{"top":"3px","bottom":"3px","left":"3px","right":"3px","linked":true},"203928799f3efe87295f481e9e43b493":"","disable_featured_image":"no","disable_share_box":"no","disable_header":"no","disable_footer":"no"},"_links":{"self":[{"href":"https:\/\/homiz.tyenda.cl\/index.php?rest_route=\/wp\/v2\/pages\/203","targetHints":{"allow":["GET"]}}],"collection":[{"href":"https:\/\/homiz.tyenda.cl\/index.php?rest_route=\/wp\/v2\/pages"}],"about":[{"href":"https:\/\/homiz.tyenda.cl\/index.php?rest_route=\/wp\/v2\/types\/page"}],"author":[{"embeddable":true,"href":"https:\/\/homiz.tyenda.cl\/index.php?rest_route=\/wp\/v2\/users\/1"}],"replies":[{"embeddable":true,"href":"https:\/\/homiz.tyenda.cl\/index.php?rest_route=%2Fwp%2Fv2%2Fcomments&post=203"}],"version-history":[{"count":6,"href":"https:\/\/homiz.tyenda.cl\/index.php?rest_route=\/wp\/v2\/pages\/203\/revisions"}],"predecessor-version":[{"id":854,"href":"https:\/\/homiz.tyenda.cl\/index.php?rest_route=\/wp\/v2\/pages\/203\/revisions\/854"}],"wp:attachment":[{"href":"https:\/\/homiz.tyenda.cl\/index.php?rest_route=%2Fwp%2Fv2%2Fmedia&parent=203"}],"curies":[{"name":"wp","href":"https:\/\/api.w.org\/{rel}","templated":true}]}}