{"id":705,"date":"2025-09-25T00:13:03","date_gmt":"2025-09-24T22:13:03","guid":{"rendered":"https:\/\/homiz.tyenda.cl\/?product=mueble-de-recepcion-o-meson-de-atencion-para-clinicas-spa"},"modified":"2025-09-25T00:13:05","modified_gmt":"2025-09-24T22:13:05","slug":"mueble-de-recepcion-o-meson-de-atencion-para-clinicas-spa","status":"publish","type":"product","link":"https:\/\/homiz.tyenda.cl\/?product=mueble-de-recepcion-o-meson-de-atencion-para-clinicas-spa","title":{"rendered":"Mueble De Recepci\u00f3n O Mes\u00f3n De Atenci\u00f3n, Para Cl\u00ednicas Spa"},"content":{"rendered":"<p>Mueble de recepci\u00f3n o mes\u00f3n de atenci\u00f3n, para cl\u00ednicas Spa, consultorio<\/p>\n<p>Renueva tu espacio comercial con nuestro Escritorio para Recepci\u00f3n Moderno , que otorga un estilo moderno a tu espacio.<\/p>\n<p>CARACTERISTICAS<\/p>\n<p>Fabricado en Melamina de 15 mm<br \/>\nVariedad de colores o combinaciones dependiendo de su elecci\u00f3n<\/p>\n<p>MEDIDAS<br \/>\nLargo: 140 cm<br \/>\nAlto M\u00e1ximo: 110 cm<br \/>\nAltura Escritorio: 75cm<br \/>\nProfundidad\/Ancho: 45 cm<\/p>\n","protected":false},"excerpt":{"rendered":"<p>Mueble de recepci\u00f3n o mes\u00f3n de atenci\u00f3n, para cl\u00ednicas Spa, consultorio<\/p>\n<p>Renueva tu espacio comercial con nuestro Escritorio para Recepci\u00f3n Moderno , que otorga un estilo moderno a tu espacio.<\/p>\n<p>CARACTERISTICAS<\/p>\n<p>Fabricado en Melamina de 15 mm<br \/>\nVariedad de colores o combinaciones dependiendo de su elecci\u00f3n<\/p>\n<p>MEDIDAS<\/p>\n<p>Largo: 140 cm<br \/>\nAlto M\u00e1ximo: 110 cm<br \/>\nAltura Escritorio: 75cm<br \/>\nProfundidad\/Ancho: 45 cm<\/p>\n<p>\u2014 Producto fabricado a pedido. No se aceptan cancelaciones\/devoluciones por cambio de opini\u00f3n pasadas las 24 hrs.<\/p>\n<p>\u2014 El producto se entrega armado.<\/p>\n<p>\u2014 SE EMITEN FACTURAS, el valor del mueble NO incluye el IVA<\/p>\n<p>\u2014 Despacho e instalaci\u00f3n tiene valor adicional depende de su comuna .<\/p>\n<p>\u2014 Las fotos se encuentran ambientadas. La iluminaci\u00f3n puede hacer que el color de las fotos var\u00ede.<\/p>\n","protected":false},"featured_media":704,"comment_status":"open","ping_status":"closed","template":"","meta":[],"product_brand":[],"product_cat":[45],"product_tag":[],"class_list":{"0":"post-705","1":"product","2":"type-product","3":"status-publish","4":"has-post-thumbnail","6":"product_cat-mueble-de-recepcion","8":"first","9":"instock","10":"shipping-taxable","11":"purchasable","12":"product-type-simple"},"_links":{"self":[{"href":"https:\/\/homiz.tyenda.cl\/index.php?rest_route=\/wp\/v2\/product\/705","targetHints":{"allow":["GET"]}}],"collection":[{"href":"https:\/\/homiz.tyenda.cl\/index.php?rest_route=\/wp\/v2\/product"}],"about":[{"href":"https:\/\/homiz.tyenda.cl\/index.php?rest_route=\/wp\/v2\/types\/product"}],"replies":[{"embeddable":true,"href":"https:\/\/homiz.tyenda.cl\/index.php?rest_route=%2Fwp%2Fv2%2Fcomments&post=705"}],"wp:featuredmedia":[{"embeddable":true,"href":"https:\/\/homiz.tyenda.cl\/index.php?rest_route=\/wp\/v2\/media\/704"}],"wp:attachment":[{"href":"https:\/\/homiz.tyenda.cl\/index.php?rest_route=%2Fwp%2Fv2%2Fmedia&parent=705"}],"wp:term":[{"taxonomy":"product_brand","embeddable":true,"href":"https:\/\/homiz.tyenda.cl\/index.php?rest_route=%2Fwp%2Fv2%2Fproduct_brand&post=705"},{"taxonomy":"product_cat","embeddable":true,"href":"https:\/\/homiz.tyenda.cl\/index.php?rest_route=%2Fwp%2Fv2%2Fproduct_cat&post=705"},{"taxonomy":"product_tag","embeddable":true,"href":"https:\/\/homiz.tyenda.cl\/index.php?rest_route=%2Fwp%2Fv2%2Fproduct_tag&post=705"}],"curies":[{"name":"wp","href":"https:\/\/api.w.org\/{rel}","templated":true}]}}